{"id":1441,"date":"2023-08-27T15:21:38","date_gmt":"2023-08-27T15:21:38","guid":{"rendered":"https:\/\/ganda2.stg.onepunchagency.eu\/recepteur\/"},"modified":"2023-09-18T10:08:40","modified_gmt":"2023-09-18T10:08:40","slug":"recepteur","status":"publish","type":"page","link":"https:\/\/ganda2.stg.onepunchagency.eu\/fr\/recepteur\/","title":{"rendered":"R\u00e9cepteur"},"content":{"rendered":"<p>[et_pb_section fb_built=\u00a0\u00bb1&Prime; admin_label=\u00a0\u00bbintro\u00a0\u00bb module_class=\u00a0\u00bbs-overlay\u00a0\u00bb _builder_version=\u00a0\u00bb4.21.2&Prime; _module_preset=\u00a0\u00bbdefault\u00a0\u00bb background_color=\u00a0\u00bb#C68613&Prime; min_height=\u00a0\u00bb600px\u00a0\u00bb min_height_tablet=\u00a0\u00bb600px\u00a0\u00bb min_height_phone=\u00a0\u00bb300px\u00a0\u00bb min_height_last_edited=\u00a0\u00bbon|phone\u00a0\u00bb height=\u00a0\u00bb45vw\u00a0\u00bb height_tablet=\u00a0\u00bb45vw\u00a0\u00bb height_phone=\u00a0\u00bb45vw\u00a0\u00bb height_last_edited=\u00a0\u00bbon|tablet\u00a0\u00bb custom_padding=\u00a0\u00bb5rem||||false|false\u00a0\u00bb custom_css_main_element=\u00a0\u00bbdisplay: flex;\u00a0\u00bb locked=\u00a0\u00bboff\u00a0\u00bb global_colors_info=\u00a0\u00bb{}\u00a0\u00bb custom_css_main_element_last_edited=\u00a0\u00bbon|phone\u00a0\u00bb custom_css_main_element_phone=\u00a0\u00bbdisplay: flex;||flex-direction: column;||height: calc(100vh &#8211; 30px)!important;\u00a0\u00bb custom_css_main_element_tablet=\u00a0\u00bbdisplay: flex;\u00a0\u00bb][et_pb_row custom_padding_last_edited=\u00a0\u00bbon|phone\u00a0\u00bb admin_label=\u00a0\u00bbtext\u00a0\u00bb module_class=\u00a0\u00bbuw-row\u00a0\u00bb _builder_version=\u00a0\u00bb4.21.2&Prime; _module_preset=\u00a0\u00bbdefault\u00a0\u00bb width=\u00a0\u00bb100%\u00a0\u00bb max_width=\u00a0\u00bb1200px\u00a0\u00bb custom_padding=\u00a0\u00bb|30px||30px|false|false\u00a0\u00bb custom_padding_tablet=\u00a0\u00bb|30px||30px|false|false\u00a0\u00bb custom_padding_phone=\u00a0\u00bb|20px||20px|false|false\u00a0\u00bb global_colors_info=\u00a0\u00bb{}\u00a0\u00bb][et_pb_column type=\u00a0\u00bb4_4&Prime; _builder_version=\u00a0\u00bb4.21.2&Prime; _module_preset=\u00a0\u00bbdefault\u00a0\u00bb global_colors_info=\u00a0\u00bb{}\u00a0\u00bb][et_pb_text module_class=\u00a0\u00bbjs-fade-in\u00a0\u00bb _builder_version=\u00a0\u00bb4.21.2&Prime; _module_preset=\u00a0\u00bb07c2d128-b1b8-4688-845a-99e79f014fd2&Prime; global_colors_info=\u00a0\u00bb{}\u00a0\u00bb]<\/p>\n<p>AVEC GANDA HAM<\/p>\n<p>[\/et_pb_text][et_pb_text module_class=\u00a0\u00bbjs-fade-in\u00a0\u00bb _builder_version=\u00a0\u00bb4.21.2&Prime; _module_preset=\u00a0\u00bb98d79c2f-03a8-4027-97fe-d1ba55bb77cc\u00a0\u00bb header_text_align=\u00a0\u00bbcenter\u00a0\u00bb header_text_color=\u00a0\u00bb#FFFFFF\u00a0\u00bb custom_margin=\u00a0\u00bb||0px||false|false\u00a0\u00bb global_colors_info=\u00a0\u00bb{}\u00a0\u00bb]<\/p>\n<h1>R\u00c9CEPTIONS<\/h1>\n<p>[\/et_pb_text][\/et_pb_column][\/et_pb_row][et_pb_row admin_label=\u00a0\u00bbbackground\u00a0\u00bb module_class=\u00a0\u00bbukiyo ukiyo_position-bottom\u00a0\u00bb _builder_version=\u00a0\u00bb4.21.2&Prime; _module_preset=\u00a0\u00bbdefault\u00a0\u00bb background_image=\u00a0\u00bbhttps:\/\/ganda2.stg.onepunchagency.eu\/wp-content\/uploads\/2023\/09\/recepten_main_visual.jpg\u00a0\u00bb background_position=\u00a0\u00bbbottom_center\u00a0\u00bb positioning=\u00a0\u00bbabsolute\u00a0\u00bb width=\u00a0\u00bb100%\u00a0\u00bb max_width=\u00a0\u00bb100%\u00a0\u00bb height=\u00a0\u00bb100%\u00a0\u00bb custom_padding=\u00a0\u00bb0px|0px|0px|0px|false|false\u00a0\u00bb global_colors_info=\u00a0\u00bb{}\u00a0\u00bb][et_pb_column type=\u00a0\u00bb4_4&Prime; _builder_version=\u00a0\u00bb4.21.2&Prime; _module_preset=\u00a0\u00bbdefault\u00a0\u00bb global_colors_info=\u00a0\u00bb{}\u00a0\u00bb][\/et_pb_column][\/et_pb_row][et_pb_row admin_label=\u00a0\u00bbdown\u00a0\u00bb _builder_version=\u00a0\u00bb4.21.2&Prime; _module_preset=\u00a0\u00bbdefault\u00a0\u00bb positioning=\u00a0\u00bbabsolute\u00a0\u00bb position_origin_a=\u00a0\u00bbbottom_center\u00a0\u00bb z_index=\u00a0\u00bb3&Prime; custom_padding=\u00a0\u00bb0px|0px|0px|0px|false|false\u00a0\u00bb global_colors_info=\u00a0\u00bb{}\u00a0\u00bb][et_pb_column type=\u00a0\u00bb4_4&Prime; _builder_version=\u00a0\u00bb4.21.2&Prime; _module_preset=\u00a0\u00bbdefault\u00a0\u00bb custom_css_main_element=\u00a0\u00bbdisplay: flex;||justify-content: center;\u00a0\u00bb global_colors_info=\u00a0\u00bb{}\u00a0\u00bb][et_pb_code _builder_version=\u00a0\u00bb4.21.2&Prime; _module_preset=\u00a0\u00bbdefault\u00a0\u00bb global_colors_info=\u00a0\u00bb{}\u00a0\u00bb]<a class=\"arrow_down\" href=\"#next\"><\/a>[\/et_pb_code][\/et_pb_column][\/et_pb_row][\/et_pb_section][et_pb_section fb_built=\u00a0\u00bb1&Prime; custom_padding_last_edited=\u00a0\u00bbon|tablet\u00a0\u00bb module_id=\u00a0\u00bbnext\u00a0\u00bb _builder_version=\u00a0\u00bb4.21.2&Prime; _module_preset=\u00a0\u00bbdefault\u00a0\u00bb custom_padding=\u00a0\u00bb5rem||0rem||false|false\u00a0\u00bb custom_padding_tablet=\u00a0\u00bb3.5rem||0rem||false|false\u00a0\u00bb custom_padding_phone=\u00a0\u00bb1.5rem||||false|false\u00a0\u00bb global_colors_info=\u00a0\u00bb{}\u00a0\u00bb][et_pb_row custom_padding_last_edited=\u00a0\u00bbon|phone\u00a0\u00bb module_class=\u00a0\u00bbuw-row\u00a0\u00bb _builder_version=\u00a0\u00bb4.21.2&Prime; _module_preset=\u00a0\u00bbdefault\u00a0\u00bb width=\u00a0\u00bb100%\u00a0\u00bb max_width=\u00a0\u00bb1200px\u00a0\u00bb custom_padding=\u00a0\u00bb|30px||30px|false|false\u00a0\u00bb custom_padding_tablet=\u00a0\u00bb|30px||30px|false|false\u00a0\u00bb custom_padding_phone=\u00a0\u00bb|20px|1rem|20px|false|false\u00a0\u00bb locked=\u00a0\u00bboff\u00a0\u00bb global_colors_info=\u00a0\u00bb{}\u00a0\u00bb][et_pb_column type=\u00a0\u00bb4_4&Prime; _builder_version=\u00a0\u00bb4.21.0&Prime; _module_preset=\u00a0\u00bbdefault\u00a0\u00bb global_colors_info=\u00a0\u00bb{}\u00a0\u00bb][et_pb_text module_class=\u00a0\u00bbtitle_decor js-fade-in\u00a0\u00bb _builder_version=\u00a0\u00bb4.21.2&Prime; _module_preset=\u00a0\u00bb128322f3-ee39-404c-a020-e0e453bfde7e\u00a0\u00bb header_2_text_align=\u00a0\u00bbcenter\u00a0\u00bb text_orientation=\u00a0\u00bbcenter\u00a0\u00bb module_alignment=\u00a0\u00bbcenter\u00a0\u00bb custom_margin=\u00a0\u00bb||0.6rem||false|false\u00a0\u00bb custom_margin_tablet=\u00a0\u00bb||0.6rem||false|false\u00a0\u00bb custom_margin_phone=\u00a0\u00bb||0.3rem||false|false\u00a0\u00bb custom_margin_last_edited=\u00a0\u00bbon|phone\u00a0\u00bb global_colors_info=\u00a0\u00bb{}\u00a0\u00bb]<\/p>\n<h2>Trouvez votre recette<\/h2>\n<p>[\/et_pb_text][et_pb_text module_class=\u00a0\u00bbjs-fade-in\u00a0\u00bb _builder_version=\u00a0\u00bb4.21.2&Prime; _module_preset=\u00a0\u00bb128322f3-ee39-404c-a020-e0e453bfde7e\u00a0\u00bb header_2_text_align=\u00a0\u00bbcenter\u00a0\u00bb text_orientation=\u00a0\u00bbcenter\u00a0\u00bb custom_margin=\u00a0\u00bb||3rem||false|false\u00a0\u00bb custom_margin_tablet=\u00a0\u00bb||3rem||false|false\u00a0\u00bb custom_margin_phone=\u00a0\u00bb||2rem||false|false\u00a0\u00bb custom_margin_last_edited=\u00a0\u00bbon|phone\u00a0\u00bb custom_padding=\u00a0\u00bb||0px||false|false\u00a0\u00bb global_colors_info=\u00a0\u00bb{}\u00a0\u00bb]<\/p>\n<p>Vous cherchez un plat savoureux \u00e0 base de jambon ?<br \/>Un sandwich, des tapas ou le meilleur plat d&rsquo;un chef cuisinier ? Il y en a pour tous les go\u00fbts.<\/p>\n<p>Avez-vous votre propre recette de jambon Ganda ? <a href=\"https:\/\/ganda2.stg.onepunchagency.eu\/fr\/contactez-nous\/\">N&rsquo;h\u00e9sitez pas \u00e0 nous en faire part<\/a>.<\/p>\n<p>[\/et_pb_text][et_pb_code module_class=\u00a0\u00bbrecepten_filters\u00a0\u00bb _builder_version=\u00a0\u00bb4.21.2&Prime; _module_preset=\u00a0\u00bbdefault\u00a0\u00bb global_colors_info=\u00a0\u00bb{}\u00a0\u00bb][\/et_pb_code][et_pb_custblog use_manual_excerpt=\u00a0\u00bboff\u00a0\u00bb _builder_version=\u00a0\u00bb4.21.2&Prime; _module_preset=\u00a0\u00bbac29ea68-ffb9-48d0-bfa7-b23399ef2858&Prime; global_colors_info=\u00a0\u00bb{}\u00a0\u00bb][\/et_pb_custblog][\/et_pb_column][\/et_pb_row][\/et_pb_section][et_pb_section fb_built=\u00a0\u00bb1&Prime; custom_padding_last_edited=\u00a0\u00bbon|tablet\u00a0\u00bb _builder_version=\u00a0\u00bb4.21.2&Prime; _module_preset=\u00a0\u00bbdefault\u00a0\u00bb background_color=\u00a0\u00bb#F7F4F1&Prime; background_image=\u00a0\u00bb\/wp-content\/themes\/Divi\/images\/bg_arrow_top_white.svg\u00a0\u00bb background_size=\u00a0\u00bbcontain\u00a0\u00bb background_position=\u00a0\u00bbtop_center\u00a0\u00bb custom_padding=\u00a0\u00bb10rem||8rem||false|false\u00a0\u00bb custom_padding_tablet=\u00a0\u00bb6rem||7rem||false|false\u00a0\u00bb custom_padding_phone=\u00a0\u00bb2.5rem||4rem||false|false\u00a0\u00bb hover_enabled=\u00a0\u00bb0&Prime; locked=\u00a0\u00bboff\u00a0\u00bb global_colors_info=\u00a0\u00bb{}\u00a0\u00bb sticky_enabled=\u00a0\u00bb0&Prime;][et_pb_row custom_padding_last_edited=\u00a0\u00bbon|tablet\u00a0\u00bb module_class=\u00a0\u00bb_uw-row\u00a0\u00bb _builder_version=\u00a0\u00bb4.21.2&Prime; _module_preset=\u00a0\u00bbdefault\u00a0\u00bb width=\u00a0\u00bb100%\u00a0\u00bb max_width=\u00a0\u00bb1200px\u00a0\u00bb custom_padding=\u00a0\u00bb|30px|0px|30px|false|false\u00a0\u00bb custom_padding_tablet=\u00a0\u00bb|||30px|false|false\u00a0\u00bb custom_padding_phone=\u00a0\u00bb|20px||20px|false|false\u00a0\u00bb global_colors_info=\u00a0\u00bb{}\u00a0\u00bb][et_pb_column type=\u00a0\u00bb4_4&Prime; _builder_version=\u00a0\u00bb4.21.2&Prime; _module_preset=\u00a0\u00bbdefault\u00a0\u00bb global_colors_info=\u00a0\u00bb{}\u00a0\u00bb][et_pb_text module_class=\u00a0\u00bbtitle_decor js-fade-in\u00a0\u00bb _builder_version=\u00a0\u00bb4.21.2&Prime; _module_preset=\u00a0\u00bb128322f3-ee39-404c-a020-e0e453bfde7e\u00a0\u00bb header_2_text_align=\u00a0\u00bbcenter\u00a0\u00bb text_orientation=\u00a0\u00bbcenter\u00a0\u00bb max_width_tablet=\u00a0\u00bb\u00a0\u00bb max_width_phone=\u00a0\u00bb\u00a0\u00bb max_width_last_edited=\u00a0\u00bbon|phone\u00a0\u00bb module_alignment=\u00a0\u00bbcenter\u00a0\u00bb custom_margin=\u00a0\u00bb||0.6rem||false|false\u00a0\u00bb custom_margin_tablet=\u00a0\u00bb||0.6rem||false|false\u00a0\u00bb custom_margin_phone=\u00a0\u00bb||0.3rem||false|false\u00a0\u00bb custom_margin_last_edited=\u00a0\u00bbon|phone\u00a0\u00bb locked=\u00a0\u00bboff\u00a0\u00bb global_colors_info=\u00a0\u00bb{}\u00a0\u00bb]<\/p>\n<h2>Soumettez votre propre recette ?<\/h2>\n<p>[\/et_pb_text][et_pb_text module_class=\u00a0\u00bbjs-fade-in\u00a0\u00bb _builder_version=\u00a0\u00bb4.21.2&Prime; _module_preset=\u00a0\u00bb128322f3-ee39-404c-a020-e0e453bfde7e\u00a0\u00bb header_2_text_align=\u00a0\u00bbcenter\u00a0\u00bb text_orientation=\u00a0\u00bbcenter\u00a0\u00bb custom_margin=\u00a0\u00bb||3rem||false|false\u00a0\u00bb custom_margin_tablet=\u00a0\u00bb||2rem||false|false\u00a0\u00bb custom_margin_phone=\u00a0\u00bb||1rem||false|false\u00a0\u00bb custom_margin_last_edited=\u00a0\u00bbon|tablet\u00a0\u00bb custom_padding=\u00a0\u00bb||0px||false|false\u00a0\u00bb locked=\u00a0\u00bboff\u00a0\u00bb global_colors_info=\u00a0\u00bb{}\u00a0\u00bb]<\/p>\n<p>Avez-vous pr\u00e9par\u00e9 vous-m\u00eame un plat d\u00e9licieux \u00e0 base de jambon Ganda ?<\/p>\n<p>[\/et_pb_text][dsm_contact_form_7 module_class=\u00a0\u00bbjs-fade-in\u00a0\u00bb _builder_version=\u00a0\u00bb4.21.2&Prime; _module_preset=\u00a0\u00bb9d7d4ae2-1267-405d-b117-877b4ef7f6b3&Prime; global_colors_info=\u00a0\u00bb{}\u00a0\u00bb][\/dsm_contact_form_7][\/et_pb_column][\/et_pb_row][\/et_pb_section]<\/p>\n","protected":false},"excerpt":{"rendered":"<p>AVEC GANDA HAMR\u00c9CEPTIONSTrouvez votre recetteVous cherchez un plat savoureux \u00e0 base de jambon ?Un sandwich, des tapas ou le meilleur plat d&rsquo;un chef cuisinier ? Il y en a pour tous les go\u00fbts. Avez-vous votre propre recette de jambon Ganda ? N&rsquo;h\u00e9sitez pas \u00e0 nous en faire part.Soumettez votre propre recette ?Avez-vous pr\u00e9par\u00e9 vous-m\u00eame un [&hellip;]<\/p>\n","protected":false},"author":1,"featured_media":0,"parent":0,"menu_order":0,"comment_status":"closed","ping_status":"closed","template":"","meta":{"_et_pb_use_builder":"on","_et_pb_old_content":"","_et_gb_content_width":"","inline_featured_image":false,"footnotes":""},"acf":[],"yoast_head":"<!-- This site is optimized with the Yoast SEO plugin v21.2 - https:\/\/yoast.com\/wordpress\/plugins\/seo\/ -->\n<title>R\u00e9cepteur - Ganda<\/title>\n<meta name=\"robots\" content=\"noindex, follow, max-snippet:-1, max-image-preview:large, max-video-preview:-1\" \/>\n<meta property=\"og:locale\" content=\"fr_FR\" \/>\n<meta property=\"og:type\" content=\"article\" \/>\n<meta property=\"og:title\" content=\"R\u00e9cepteur - Ganda\" \/>\n<meta property=\"og:description\" content=\"AVEC GANDA HAMR\u00c9CEPTIONSTrouvez votre recetteVous cherchez un plat savoureux \u00e0 base de jambon ?Un sandwich, des tapas ou le meilleur plat d&#039;un chef cuisinier ? Il y en a pour tous les go\u00fbts. Avez-vous votre propre recette de jambon Ganda ? N&#039;h\u00e9sitez pas \u00e0 nous en faire part.Soumettez votre propre recette ?Avez-vous pr\u00e9par\u00e9 vous-m\u00eame un [&hellip;]\" \/>\n<meta property=\"og:url\" content=\"https:\/\/ganda2.stg.onepunchagency.eu\/recepten\/\" \/>\n<meta property=\"og:site_name\" content=\"Ganda\" \/>\n<meta property=\"article:modified_time\" content=\"2023-09-18T10:08:40+00:00\" \/>\n<meta name=\"twitter:card\" content=\"summary_large_image\" \/>\n<meta name=\"twitter:label1\" content=\"Dur\u00e9e de lecture estim\u00e9e\" \/>\n\t<meta name=\"twitter:data1\" content=\"5 minutes\" \/>\n<script type=\"application\/ld+json\" class=\"yoast-schema-graph\">{\"@context\":\"https:\/\/schema.org\",\"@graph\":[{\"@type\":\"WebPage\",\"@id\":\"https:\/\/ganda2.stg.onepunchagency.eu\/recepten\/\",\"url\":\"https:\/\/ganda2.stg.onepunchagency.eu\/recepten\/\",\"name\":\"R\u00e9cepteur - Ganda\",\"isPartOf\":{\"@id\":\"https:\/\/ganda2.stg.onepunchagency.eu\/#website\"},\"datePublished\":\"2023-08-27T15:21:38+00:00\",\"dateModified\":\"2023-09-18T10:08:40+00:00\",\"breadcrumb\":{\"@id\":\"https:\/\/ganda2.stg.onepunchagency.eu\/recepten\/#breadcrumb\"},\"inLanguage\":\"fr-FR\",\"potentialAction\":[{\"@type\":\"ReadAction\",\"target\":[\"https:\/\/ganda2.stg.onepunchagency.eu\/recepten\/\"]}]},{\"@type\":\"BreadcrumbList\",\"@id\":\"https:\/\/ganda2.stg.onepunchagency.eu\/recepten\/#breadcrumb\",\"itemListElement\":[{\"@type\":\"ListItem\",\"position\":1,\"name\":\"Home\",\"item\":\"https:\/\/ganda2.stg.onepunchagency.eu\/\"},{\"@type\":\"ListItem\",\"position\":2,\"name\":\"R\u00e9cepteur\"}]},{\"@type\":\"WebSite\",\"@id\":\"https:\/\/ganda2.stg.onepunchagency.eu\/#website\",\"url\":\"https:\/\/ganda2.stg.onepunchagency.eu\/\",\"name\":\"Ganda\",\"description\":\"\",\"potentialAction\":[{\"@type\":\"SearchAction\",\"target\":{\"@type\":\"EntryPoint\",\"urlTemplate\":\"https:\/\/ganda2.stg.onepunchagency.eu\/?s={search_term_string}\"},\"query-input\":\"required name=search_term_string\"}],\"inLanguage\":\"fr-FR\"}]}<\/script>\n<!-- \/ Yoast SEO plugin. -->","yoast_head_json":{"title":"R\u00e9cepteur - Ganda","robots":{"index":"noindex","follow":"follow","max-snippet":"max-snippet:-1","max-image-preview":"max-image-preview:large","max-video-preview":"max-video-preview:-1"},"og_locale":"fr_FR","og_type":"article","og_title":"R\u00e9cepteur - Ganda","og_description":"AVEC GANDA HAMR\u00c9CEPTIONSTrouvez votre recetteVous cherchez un plat savoureux \u00e0 base de jambon ?Un sandwich, des tapas ou le meilleur plat d'un chef cuisinier ? Il y en a pour tous les go\u00fbts. Avez-vous votre propre recette de jambon Ganda ? N'h\u00e9sitez pas \u00e0 nous en faire part.Soumettez votre propre recette ?Avez-vous pr\u00e9par\u00e9 vous-m\u00eame un [&hellip;]","og_url":"https:\/\/ganda2.stg.onepunchagency.eu\/recepten\/","og_site_name":"Ganda","article_modified_time":"2023-09-18T10:08:40+00:00","twitter_card":"summary_large_image","twitter_misc":{"Dur\u00e9e de lecture estim\u00e9e":"5 minutes"},"schema":{"@context":"https:\/\/schema.org","@graph":[{"@type":"WebPage","@id":"https:\/\/ganda2.stg.onepunchagency.eu\/recepten\/","url":"https:\/\/ganda2.stg.onepunchagency.eu\/recepten\/","name":"R\u00e9cepteur - Ganda","isPartOf":{"@id":"https:\/\/ganda2.stg.onepunchagency.eu\/#website"},"datePublished":"2023-08-27T15:21:38+00:00","dateModified":"2023-09-18T10:08:40+00:00","breadcrumb":{"@id":"https:\/\/ganda2.stg.onepunchagency.eu\/recepten\/#breadcrumb"},"inLanguage":"fr-FR","potentialAction":[{"@type":"ReadAction","target":["https:\/\/ganda2.stg.onepunchagency.eu\/recepten\/"]}]},{"@type":"BreadcrumbList","@id":"https:\/\/ganda2.stg.onepunchagency.eu\/recepten\/#breadcrumb","itemListElement":[{"@type":"ListItem","position":1,"name":"Home","item":"https:\/\/ganda2.stg.onepunchagency.eu\/"},{"@type":"ListItem","position":2,"name":"R\u00e9cepteur"}]},{"@type":"WebSite","@id":"https:\/\/ganda2.stg.onepunchagency.eu\/#website","url":"https:\/\/ganda2.stg.onepunchagency.eu\/","name":"Ganda","description":"","potentialAction":[{"@type":"SearchAction","target":{"@type":"EntryPoint","urlTemplate":"https:\/\/ganda2.stg.onepunchagency.eu\/?s={search_term_string}"},"query-input":"required name=search_term_string"}],"inLanguage":"fr-FR"}]}},"_links":{"self":[{"href":"https:\/\/ganda2.stg.onepunchagency.eu\/fr\/wp-json\/wp\/v2\/pages\/1441"}],"collection":[{"href":"https:\/\/ganda2.stg.onepunchagency.eu\/fr\/wp-json\/wp\/v2\/pages"}],"about":[{"href":"https:\/\/ganda2.stg.onepunchagency.eu\/fr\/wp-json\/wp\/v2\/types\/page"}],"author":[{"embeddable":true,"href":"https:\/\/ganda2.stg.onepunchagency.eu\/fr\/wp-json\/wp\/v2\/users\/1"}],"replies":[{"embeddable":true,"href":"https:\/\/ganda2.stg.onepunchagency.eu\/fr\/wp-json\/wp\/v2\/comments?post=1441"}],"version-history":[{"count":13,"href":"https:\/\/ganda2.stg.onepunchagency.eu\/fr\/wp-json\/wp\/v2\/pages\/1441\/revisions"}],"predecessor-version":[{"id":1464,"href":"https:\/\/ganda2.stg.onepunchagency.eu\/fr\/wp-json\/wp\/v2\/pages\/1441\/revisions\/1464"}],"wp:attachment":[{"href":"https:\/\/ganda2.stg.onepunchagency.eu\/fr\/wp-json\/wp\/v2\/media?parent=1441"}],"curies":[{"name":"wp","href":"https:\/\/api.w.org\/{rel}","templated":true}]}}